{"id":201,"date":"2024-06-06T07:34:46","date_gmt":"2024-06-06T05:34:46","guid":{"rendered":"https:\/\/mergellandcamper.nl\/?page_id=201"},"modified":"2024-06-06T07:34:46","modified_gmt":"2024-06-06T05:34:46","slug":"camperreis-noord-italieroute-adriatisch-strand-tot-alpenland","status":"publish","type":"page","link":"https:\/\/mergellandcamper.nl\/?page_id=201","title":{"rendered":"Camperreis: Noord-Itali\u00ebroute (Adriatisch strand tot Alpenland)"},"content":{"rendered":"\n<p>Reisduur:&nbsp;&nbsp;&nbsp;&nbsp;&nbsp;&nbsp;&nbsp;&nbsp;&nbsp;&nbsp; 21- 28 dagen&nbsp;&nbsp;&nbsp;<\/p>\n\n\n\n<p>Kilometers:&nbsp;&nbsp;&nbsp;&nbsp;&nbsp;&nbsp; 750 km<\/p>\n\n\n\n<p>Afstand Nederland\/Z-Limburg tot vertrekpunt route: 1100 km<\/p>\n\n\n\n<p>Regio\/Steden: Veneti\u00eb, Tri\u00ebst, Udine, Cortina d\u00c1mpezzo, Brixen. Lago di Garda, Verona, Padua<\/p>\n\n\n\n<p>Beschrijving:&nbsp;&nbsp;&nbsp; &nbsp;&nbsp;&nbsp;&nbsp;&nbsp;&nbsp;&nbsp;&nbsp;&nbsp;&nbsp;&nbsp;&nbsp;&nbsp;&nbsp;&nbsp; De reis begint in de lagunestad Venetie en voert u eerst langs meest noordelijke deel van de Adriatische kust naar Trieste om vervolgens terug te keren naar de hoge en ruige bergtoppen van de Dolomieten om daarna af te zakken naar het mediterrane Itali\u00eb, waarna &nbsp;je onder andere via het Gardameer, Verona (d\u00e9 theaterstad van weleer) en Padua &nbsp;weer terugkeert aan de Adriatische kust. Deze reis combineert \u201csuper\u201d-toerisme, oudheidkundige juweeltjes, woeste bergen en het mondaine leven van het meest welvarende deel van Itali\u00eb, waar u zich kunt laten f\u00eateren door een heerlijke gastronomie. Neem er de tijd voor\u2026<\/p>\n","protected":false},"excerpt":{"rendered":"<p>Reisduur:&nbsp;&nbsp;&nbsp;&nbsp;&nbsp;&nbsp;&nbsp;&nbsp;&nbsp;&nbsp; 21- 28 dagen&nbsp;&nbsp;&nbsp; Kilometers:&nbsp;&nbsp;&nbsp;&nbsp;&nbsp;&nbsp; 750 km Afstand Nederland\/Z-Limburg tot vertrekpunt route: 1100 km Regio\/Steden: Veneti\u00eb, Tri\u00ebst, Udine, Cortina d\u00c1mpezzo, Brixen. Lago di Garda, Verona, Padua Beschrijving:&nbsp;&nbsp;&nbsp; &nbsp;&nbsp;&nbsp;&nbsp;&nbsp;&nbsp;&nbsp;&nbsp;&nbsp;&nbsp;&nbsp;&nbsp;&nbsp;&nbsp;&nbsp; De reis begint in de lagunestad Venetie en voert u eerst langs meest noordelijke deel van de &hellip; <\/p>\n","protected":false},"author":2,"featured_media":0,"parent":0,"menu_order":0,"comment_status":"closed","ping_status":"closed","template":"","meta":{"footnotes":""},"_links":{"self":[{"href":"https:\/\/mergellandcamper.nl\/index.php?rest_route=\/wp\/v2\/pages\/201"}],"collection":[{"href":"https:\/\/mergellandcamper.nl\/index.php?rest_route=\/wp\/v2\/pages"}],"about":[{"href":"https:\/\/mergellandcamper.nl\/index.php?rest_route=\/wp\/v2\/types\/page"}],"author":[{"embeddable":true,"href":"https:\/\/mergellandcamper.nl\/index.php?rest_route=\/wp\/v2\/users\/2"}],"replies":[{"embeddable":true,"href":"https:\/\/mergellandcamper.nl\/index.php?rest_route=%2Fwp%2Fv2%2Fcomments&post=201"}],"version-history":[{"count":1,"href":"https:\/\/mergellandcamper.nl\/index.php?rest_route=\/wp\/v2\/pages\/201\/revisions"}],"predecessor-version":[{"id":202,"href":"https:\/\/mergellandcamper.nl\/index.php?rest_route=\/wp\/v2\/pages\/201\/revisions\/202"}],"wp:attachment":[{"href":"https:\/\/mergellandcamper.nl\/index.php?rest_route=%2Fwp%2Fv2%2Fmedia&parent=201"}],"curies":[{"name":"wp","href":"https:\/\/api.w.org\/{rel}","templated":true}]}}