{"id":14,"date":"2024-05-09T16:43:26","date_gmt":"2024-05-09T14:43:26","guid":{"rendered":"https:\/\/mergellandcamper.nl\/?page_id=14"},"modified":"2025-02-05T23:34:27","modified_gmt":"2025-02-05T21:34:27","slug":"ons-verhaal","status":"publish","type":"page","link":"https:\/\/mergellandcamper.nl\/?page_id=14","title":{"rendered":"Ons verhaal"},"content":{"rendered":"\n<div class=\"wp-block-columns is-layout-flex wp-container-core-columns-is-layout-1 wp-block-columns-is-layout-flex\">\n<div class=\"wp-block-column is-layout-flow wp-block-column-is-layout-flow\" style=\"flex-basis:67%\">\n<p><strong>Mergelland Camperverhuur<\/strong> is een nieuw camperverhuurbedrijf, opgericht in 2024 en gevestigd in\u00a0 Zuid-Limburg (Gemeente Gulpen-Wittem) en vandaar uit zijn we een goede start locatie om Europa in te trekken.<\/p>\n\n\n\n<p>Eigenaren zijn Jolanda en Cees Schaap, die zich samen inzetten om u een onvergetelijke camper vakantie te bezorgen. Cees is recent met pensioen gegaan, maar kan het toch niet laten om een nieuwe uitdaging aan te gaan. Als kleine ondernemer hecht je veel waarde aan kwaliteit, klanttevredenheid en ben je vooral ook service gericht en zijn er vragen of problemen tijdens een reis, dan zorg je voor een goede bereikbaarheid en bied je oplossingen.&nbsp;<\/p>\n<\/div>\n\n\n\n<div class=\"wp-block-column is-layout-flow wp-block-column-is-layout-flow\" style=\"flex-basis:33%\">\n<figure class=\"wp-block-gallery alignright has-nested-images columns-default is-cropped wp-block-gallery-1 is-layout-flex wp-block-gallery-is-layout-flex\">\n<figure class=\"wp-block-image size-medium\"><img fetchpriority=\"high\" decoding=\"async\" width=\"300\" height=\"199\" src=\"https:\/\/mergellandcamper.nl\/wp-content\/uploads\/2024\/06\/DSC_0035-300x199.jpg\" alt=\"\" class=\"wp-image-239\" srcset=\"https:\/\/mergellandcamper.nl\/wp-content\/uploads\/2024\/06\/DSC_0035-300x199.jpg 300w, https:\/\/mergellandcamper.nl\/wp-content\/uploads\/2024\/06\/DSC_0035-1024x678.jpg 1024w, https:\/\/mergellandcamper.nl\/wp-content\/uploads\/2024\/06\/DSC_0035-768x509.jpg 768w, https:\/\/mergellandcamper.nl\/wp-content\/uploads\/2024\/06\/DSC_0035-1536x1017.jpg 1536w, https:\/\/mergellandcamper.nl\/wp-content\/uploads\/2024\/06\/DSC_0035-2048x1356.jpg 2048w, https:\/\/mergellandcamper.nl\/wp-content\/uploads\/2024\/06\/DSC_0035-91x60.jpg 91w\" sizes=\"(max-width: 300px) 100vw, 300px\" \/><\/figure>\n<\/figure>\n<\/div>\n<\/div>\n\n\n\n<div class=\"wp-block-media-text is-stacked-on-mobile\" style=\"grid-template-columns:20% auto\"><figure class=\"wp-block-media-text__media\"><img decoding=\"async\" width=\"678\" height=\"1024\" src=\"https:\/\/mergellandcamper.nl\/wp-content\/uploads\/2024\/06\/DSC_0042-678x1024.jpg\" alt=\"\" class=\"wp-image-238 size-full\" srcset=\"https:\/\/mergellandcamper.nl\/wp-content\/uploads\/2024\/06\/DSC_0042-678x1024.jpg 678w, https:\/\/mergellandcamper.nl\/wp-content\/uploads\/2024\/06\/DSC_0042-199x300.jpg 199w, https:\/\/mergellandcamper.nl\/wp-content\/uploads\/2024\/06\/DSC_0042-768x1160.jpg 768w, https:\/\/mergellandcamper.nl\/wp-content\/uploads\/2024\/06\/DSC_0042-1017x1536.jpg 1017w, https:\/\/mergellandcamper.nl\/wp-content\/uploads\/2024\/06\/DSC_0042-1356x2048.jpg 1356w, https:\/\/mergellandcamper.nl\/wp-content\/uploads\/2024\/06\/DSC_0042-40x60.jpg 40w, https:\/\/mergellandcamper.nl\/wp-content\/uploads\/2024\/06\/DSC_0042-scaled.jpg 1696w\" sizes=\"(max-width: 678px) 100vw, 678px\" \/><\/figure><div class=\"wp-block-media-text__content\">\n<p>We beginnen kleinschalig, vooralsnog met \u00e9\u00e9n camper, maar de plannen zijn er om in de toekomst nog een of meer campers aan te schaffen.&nbsp;&nbsp; Mergelland Camper biedt alleen verhuur aan van <strong>nieuwe tot zeer jonge<\/strong> campers, die <strong>luxe<\/strong> zijn ingericht en voorzien zijn van alle gebruiksgemakken, zoals die nu in de moderne campers terug te vinden zijn.&nbsp;&nbsp; Ook dat is \u201cvakantie\u201d en draagt bij aan het gevoel om tot volledige ontspanning en rust te komen.&nbsp;<\/p>\n\n\n\n<div class=\"wp-block-group is-vertical is-layout-flex wp-container-core-group-is-layout-1 wp-block-group-is-layout-flex\">\n<blockquote class=\"wp-block-quote is-layout-flow wp-block-quote-is-layout-flow\">\n<p><\/p>\n<cite>&#8230; Cees: <em><em>\u201cReislustig ben ik zeker en het ontdekken van Europa, of het nu in het hoge Noorden(Scandinavi\u00eb), &nbsp;dan wel diep in het Zuiden (Spanje, Itali\u00eb, Kroati\u00eb etc.) is, geeft me iedere keer weer veel voldoening. &nbsp;<\/em><\/em><br><em>Juist het rondtrekken in combinatie met enkele dagen op een vaste plek bivakkeren, maakt dat je de streek die je bezoekt goed leert kennen. <\/em><br><em>Ge\u00efnspireerd door de vele mogelijkheden die een camper biedt om op een ongedwongen manier Europa in te trekken en de vrijheid die je kunt hebben als je met een Camper op vakantie gaat is voor mij de reden geweest om te starten met <strong>Mergelland Camperverhuur <\/strong> \u201d\u2026.<\/em><\/cite><\/blockquote>\n<\/div>\n<\/div><\/div>\n\n\n\n<div class=\"wp-block-media-text has-media-on-the-right is-stacked-on-mobile\" style=\"grid-template-columns:auto 20%\"><div class=\"wp-block-media-text__content\">\n<p><strong>Mergelland Camperverhuur<\/strong> wil daar een steentje aan bijdragen en het u mogelijk maken om een <strong>UNIEKE<\/strong> vakantie te beleven, waar u nog vele jaren vol goede herinneringen aan kunt terugdenken. Reizen met een camper vraagt wel enige voorbereiding, zowel wat betreft het rijden met een \u2018grote auto\u2019, als het leren kennen van alle voorzieningen die heden ten dage in de camper aanwezig zijn. Wij besteden veel aandacht aan voorlichting, uitleg en instructie en nemen daar ook ruim de tijd voor, zodat u met een vertrouwd gevoel de reis kunt beginnen.<\/p>\n\n\n\n<p>Ons motto is: <strong><em>\u201cervaar \u2018t verschil en beleef \u2018t ultieme vakantie gevoel in een mooie Mergelland Camper\u201d&nbsp;<\/em><\/strong><\/p>\n\n\n\n<p>We zien er naar uit om u te mogen verwelkomen!<\/p>\n<\/div><figure class=\"wp-block-media-text__media\"><img decoding=\"async\" width=\"678\" height=\"1024\" src=\"https:\/\/mergellandcamper.nl\/wp-content\/uploads\/2024\/06\/DSC_0048-678x1024.jpg\" alt=\"\" class=\"wp-image-241 size-full\" srcset=\"https:\/\/mergellandcamper.nl\/wp-content\/uploads\/2024\/06\/DSC_0048-678x1024.jpg 678w, https:\/\/mergellandcamper.nl\/wp-content\/uploads\/2024\/06\/DSC_0048-199x300.jpg 199w, https:\/\/mergellandcamper.nl\/wp-content\/uploads\/2024\/06\/DSC_0048-768x1160.jpg 768w, https:\/\/mergellandcamper.nl\/wp-content\/uploads\/2024\/06\/DSC_0048-1017x1536.jpg 1017w, https:\/\/mergellandcamper.nl\/wp-content\/uploads\/2024\/06\/DSC_0048-1356x2048.jpg 1356w, https:\/\/mergellandcamper.nl\/wp-content\/uploads\/2024\/06\/DSC_0048-40x60.jpg 40w, https:\/\/mergellandcamper.nl\/wp-content\/uploads\/2024\/06\/DSC_0048-scaled.jpg 1696w\" sizes=\"(max-width: 678px) 100vw, 678px\" \/><\/figure><\/div>\n\n\n\n<p><\/p>\n","protected":false},"excerpt":{"rendered":"<p>Mergelland Camperverhuur is een nieuw camperverhuurbedrijf, opgericht in 2024 en gevestigd in\u00a0 Zuid-Limburg (Gemeente Gulpen-Wittem) en vandaar uit zijn we een goede start locatie om Europa in te trekken. Eigenaren zijn Jolanda en Cees Schaap, die zich samen inzetten om u een onvergetelijke camper vakantie &hellip; <\/p>\n","protected":false},"author":1,"featured_media":0,"parent":0,"menu_order":0,"comment_status":"closed","ping_status":"closed","template":"","meta":{"footnotes":""},"_links":{"self":[{"href":"https:\/\/mergellandcamper.nl\/index.php?rest_route=\/wp\/v2\/pages\/14"}],"collection":[{"href":"https:\/\/mergellandcamper.nl\/index.php?rest_route=\/wp\/v2\/pages"}],"about":[{"href":"https:\/\/mergellandcamper.nl\/index.php?rest_route=\/wp\/v2\/types\/page"}],"author":[{"embeddable":true,"href":"https:\/\/mergellandcamper.nl\/index.php?rest_route=\/wp\/v2\/users\/1"}],"replies":[{"embeddable":true,"href":"https:\/\/mergellandcamper.nl\/index.php?rest_route=%2Fwp%2Fv2%2Fcomments&post=14"}],"version-history":[{"count":9,"href":"https:\/\/mergellandcamper.nl\/index.php?rest_route=\/wp\/v2\/pages\/14\/revisions"}],"predecessor-version":[{"id":283,"href":"https:\/\/mergellandcamper.nl\/index.php?rest_route=\/wp\/v2\/pages\/14\/revisions\/283"}],"wp:attachment":[{"href":"https:\/\/mergellandcamper.nl\/index.php?rest_route=%2Fwp%2Fv2%2Fmedia&parent=14"}],"curies":[{"name":"wp","href":"https:\/\/api.w.org\/{rel}","templated":true}]}}